{"id":1090,"date":"2025-02-19T13:36:52","date_gmt":"2025-02-19T13:36:52","guid":{"rendered":"https:\/\/finovate.vamtam.com\/?page_id=1090"},"modified":"2025-06-20T10:08:30","modified_gmt":"2025-06-20T08:08:30","slug":"mentions-legales","status":"publish","type":"page","link":"https:\/\/casparis20.fr\/index.php\/mentions-legales\/","title":{"rendered":"Mentions l\u00e9gales"},"content":{"rendered":"\t\t<div data-elementor-type=\"wp-page\" data-elementor-id=\"1090\" class=\"elementor elementor-1090\" data-elementor-post-type=\"page\">\n\t\t\t\t<div class=\"elementor-element elementor-element-b6f3875 e-flex e-con-boxed e-con e-parent\" data-id=\"b6f3875\" data-element_type=\"container\" data-settings=\"{&quot;background_background&quot;:&quot;gradient&quot;}\">\n\t\t\t\t\t<div class=\"e-con-inner\">\n\t\t\t\t<div class=\"elementor-element elementor-element-86f6bdb elementor-widget elementor-widget-spacer\" data-id=\"86f6bdb\" data-element_type=\"widget\" data-widget_type=\"spacer.default\">\n\t\t\t\t<div class=\"elementor-widget-container\">\n\t\t\t\t\t\t\t<div class=\"elementor-spacer\">\n\t\t\t<div class=\"elementor-spacer-inner\"><\/div>\n\t\t<\/div>\n\t\t\t\t\t\t<\/div>\n\t\t\t\t<\/div>\n\t\t\t\t<div class=\"elementor-element elementor-element-237dc53 elementor-widget elementor-widget-spacer\" data-id=\"237dc53\" data-element_type=\"widget\" data-widget_type=\"spacer.default\">\n\t\t\t\t<div class=\"elementor-widget-container\">\n\t\t\t\t\t\t\t<div class=\"elementor-spacer\">\n\t\t\t<div class=\"elementor-spacer-inner\"><\/div>\n\t\t<\/div>\n\t\t\t\t\t\t<\/div>\n\t\t\t\t<\/div>\n\t\t\t\t<div class=\"elementor-element elementor-element-4747289 elementor-widget elementor-widget-text-editor\" data-id=\"4747289\" data-element_type=\"widget\" data-widget_type=\"text-editor.default\">\n\t\t\t\t<div class=\"elementor-widget-container\">\n\t\t\t\t\t\t\t\t\t<h3>\u00c9diteur du site<\/h3><p><strong>Association Vivres \u2013 CAS20<\/strong><br \/>18 rue Ramus, 75020 Paris, France<br \/>SIRET : 987 441 318 00019<br \/>Email : <a href=\"mailto:contact@casparis20.fr\">contact@casparis20.fr<\/a><br \/>Directeur de la publication : Association Vivres<\/p><h3>H\u00e9bergement<\/h3><p><strong>OVH<\/strong><br \/>2 rue Kellermann, 59100 Roubaix, France<br \/>Site : <a href=\"https:\/\/www.ovhcloud.com\" target=\"_blank\" rel=\"noopener\">www.ovhcloud.com<\/a><\/p><h3>R\u00e9alisation du site<\/h3><p>Le site a \u00e9t\u00e9 con\u00e7u par l\u2019agence de communication <strong>WWWAWWW<\/strong><br \/>Contact : <a href=\"mailto:contact@wwwawww.fr\">contact@wwwawww.fr<\/a><br \/>Site : <a href=\"https:\/\/wwwawww.fr\" target=\"_blank\" rel=\"noopener\">wwwawww.fr<\/a><\/p><h3>Propri\u00e9t\u00e9 intellectuelle<\/h3><p>L\u2019ensemble des contenus pr\u00e9sents sur ce site (textes, images, vid\u00e9os, documents t\u00e9l\u00e9chargeables, logo, identit\u00e9 graphique, etc.)<br \/>est prot\u00e9g\u00e9 par le Code de la propri\u00e9t\u00e9 intellectuelle. Ils sont la propri\u00e9t\u00e9 exclusive de l\u2019Association Vivres, sauf mention contraire.<br \/>Toute reproduction, modification ou diffusion sans autorisation \u00e9crite pr\u00e9alable est interdite.<\/p><h3>Donn\u00e9es personnelles<\/h3><p>Les donn\u00e9es collect\u00e9es via ce site sont utilis\u00e9es uniquement par l\u2019Association Vivres dans le cadre du projet CAS20.<br \/>Elles ne sont ni vendues ni transmises \u00e0 des tiers.<br \/>Conform\u00e9ment au RGPD et \u00e0 la loi Informatique et Libert\u00e9s, vous pouvez exercer vos droits (acc\u00e8s, rectification, suppression, etc.)<br \/>en \u00e9crivant \u00e0 : <a href=\"mailto:contact@casparis20.fr\">contact@casparis20.fr<\/a><\/p><h3>Cookies<\/h3><p>Ce site peut utiliser des cookies pour am\u00e9liorer la navigation et mesurer l\u2019audience. Vous pouvez refuser leur utilisation en<br \/>param\u00e9trant votre navigateur ou via le bandeau pr\u00e9vu \u00e0 cet effet lors de votre premi\u00e8re visite.<\/p><h3>Responsabilit\u00e9<\/h3><p>L\u2019Association Vivres s\u2019efforce d\u2019assurer l\u2019exactitude des informations publi\u00e9es sur le site, mais ne peut garantir l\u2019absence totale<br \/>d\u2019erreurs ou d\u2019interruptions du service.<\/p>\t\t\t\t\t\t\t\t<\/div>\n\t\t\t\t<\/div>\n\t\t\t\t\t<\/div>\n\t\t\t\t<\/div>\n\t\t\t\t<\/div>\n\t\t","protected":false},"excerpt":{"rendered":"<p>\u00c9diteur du site Association Vivres \u2013 CAS2018 rue Ramus, 75020 Paris, FranceSIRET : 987 441 318 00019Email : contact@casparis20.frDirecteur de la publication : Association Vivres H\u00e9bergement OVH2 rue Kellermann, 59100&#8230;<\/p>\n","protected":false},"author":1,"featured_media":0,"parent":0,"menu_order":0,"comment_status":"closed","ping_status":"closed","template":"elementor_header_footer","meta":{"_themeisle_gutenberg_block_has_review":false,"footnotes":""},"class_list":["post-1090","page","type-page","status-publish","hentry"],"yoast_head":"<!-- This site is optimized with the Yoast SEO plugin v24.8 - https:\/\/yoast.com\/wordpress\/plugins\/seo\/ -->\n<title>Mentions l\u00e9gales - CAS20<\/title>\n<meta name=\"robots\" content=\"index, follow, max-snippet:-1, max-image-preview:large, max-video-preview:-1\" \/>\n<link rel=\"canonical\" href=\"https:\/\/casparis20.fr\/index.php\/mentions-legales\/\" \/>\n<meta property=\"og:locale\" content=\"en_US\" \/>\n<meta property=\"og:type\" content=\"article\" \/>\n<meta property=\"og:title\" content=\"Mentions l\u00e9gales - CAS20\" \/>\n<meta property=\"og:description\" content=\"\u00c9diteur du site Association Vivres \u2013 CAS2018 rue Ramus, 75020 Paris, FranceSIRET : 987 441 318 00019Email : contact@casparis20.frDirecteur de la publication : Association Vivres H\u00e9bergement OVH2 rue Kellermann, 59100...\" \/>\n<meta property=\"og:url\" content=\"https:\/\/casparis20.fr\/index.php\/mentions-legales\/\" \/>\n<meta property=\"og:site_name\" content=\"CAS20\" \/>\n<meta property=\"article:modified_time\" content=\"2025-06-20T08:08:30+00:00\" \/>\n<meta name=\"twitter:card\" content=\"summary_large_image\" \/>\n<meta name=\"twitter:label1\" content=\"Est. reading time\" \/>\n\t<meta name=\"twitter:data1\" content=\"2 minutes\" \/>\n<script type=\"application\/ld+json\" class=\"yoast-schema-graph\">{\"@context\":\"https:\/\/schema.org\",\"@graph\":[{\"@type\":\"WebPage\",\"@id\":\"https:\/\/casparis20.fr\/index.php\/mentions-legales\/\",\"url\":\"https:\/\/casparis20.fr\/index.php\/mentions-legales\/\",\"name\":\"Mentions l\u00e9gales - CAS20\",\"isPartOf\":{\"@id\":\"https:\/\/casparis20.fr\/#website\"},\"datePublished\":\"2025-02-19T13:36:52+00:00\",\"dateModified\":\"2025-06-20T08:08:30+00:00\",\"breadcrumb\":{\"@id\":\"https:\/\/casparis20.fr\/index.php\/mentions-legales\/#breadcrumb\"},\"inLanguage\":\"en-US\",\"potentialAction\":[{\"@type\":\"ReadAction\",\"target\":[\"https:\/\/casparis20.fr\/index.php\/mentions-legales\/\"]}]},{\"@type\":\"BreadcrumbList\",\"@id\":\"https:\/\/casparis20.fr\/index.php\/mentions-legales\/#breadcrumb\",\"itemListElement\":[{\"@type\":\"ListItem\",\"position\":1,\"name\":\"Accueil\",\"item\":\"https:\/\/casparis20.fr\/\"},{\"@type\":\"ListItem\",\"position\":2,\"name\":\"Mentions l\u00e9gales\"}]},{\"@type\":\"WebSite\",\"@id\":\"https:\/\/casparis20.fr\/#website\",\"url\":\"https:\/\/casparis20.fr\/\",\"name\":\"CAS20\",\"description\":\"Caisse Alimentaire solidaire - Paris 20\",\"publisher\":{\"@id\":\"https:\/\/casparis20.fr\/#organization\"},\"potentialAction\":[{\"@type\":\"SearchAction\",\"target\":{\"@type\":\"EntryPoint\",\"urlTemplate\":\"https:\/\/casparis20.fr\/?s={search_term_string}\"},\"query-input\":{\"@type\":\"PropertyValueSpecification\",\"valueRequired\":true,\"valueName\":\"search_term_string\"}}],\"inLanguage\":\"en-US\"},{\"@type\":\"Organization\",\"@id\":\"https:\/\/casparis20.fr\/#organization\",\"name\":\"CAS20\",\"url\":\"https:\/\/casparis20.fr\/\",\"logo\":{\"@type\":\"ImageObject\",\"inLanguage\":\"en-US\",\"@id\":\"https:\/\/casparis20.fr\/#\/schema\/logo\/image\/\",\"url\":\"https:\/\/casparis20.fr\/wp-content\/uploads\/2025\/02\/Logo_complet_RVB_rouge_CAS20.png\",\"contentUrl\":\"https:\/\/casparis20.fr\/wp-content\/uploads\/2025\/02\/Logo_complet_RVB_rouge_CAS20.png\",\"width\":6278,\"height\":2718,\"caption\":\"CAS20\"},\"image\":{\"@id\":\"https:\/\/casparis20.fr\/#\/schema\/logo\/image\/\"}}]}<\/script>\n<!-- \/ Yoast SEO plugin. -->","yoast_head_json":{"title":"Mentions l\u00e9gales - CAS20","robots":{"index":"index","follow":"follow","max-snippet":"max-snippet:-1","max-image-preview":"max-image-preview:large","max-video-preview":"max-video-preview:-1"},"canonical":"https:\/\/casparis20.fr\/index.php\/mentions-legales\/","og_locale":"en_US","og_type":"article","og_title":"Mentions l\u00e9gales - CAS20","og_description":"\u00c9diteur du site Association Vivres \u2013 CAS2018 rue Ramus, 75020 Paris, FranceSIRET : 987 441 318 00019Email : contact@casparis20.frDirecteur de la publication : Association Vivres H\u00e9bergement OVH2 rue Kellermann, 59100...","og_url":"https:\/\/casparis20.fr\/index.php\/mentions-legales\/","og_site_name":"CAS20","article_modified_time":"2025-06-20T08:08:30+00:00","twitter_card":"summary_large_image","twitter_misc":{"Est. reading time":"2 minutes"},"schema":{"@context":"https:\/\/schema.org","@graph":[{"@type":"WebPage","@id":"https:\/\/casparis20.fr\/index.php\/mentions-legales\/","url":"https:\/\/casparis20.fr\/index.php\/mentions-legales\/","name":"Mentions l\u00e9gales - CAS20","isPartOf":{"@id":"https:\/\/casparis20.fr\/#website"},"datePublished":"2025-02-19T13:36:52+00:00","dateModified":"2025-06-20T08:08:30+00:00","breadcrumb":{"@id":"https:\/\/casparis20.fr\/index.php\/mentions-legales\/#breadcrumb"},"inLanguage":"en-US","potentialAction":[{"@type":"ReadAction","target":["https:\/\/casparis20.fr\/index.php\/mentions-legales\/"]}]},{"@type":"BreadcrumbList","@id":"https:\/\/casparis20.fr\/index.php\/mentions-legales\/#breadcrumb","itemListElement":[{"@type":"ListItem","position":1,"name":"Accueil","item":"https:\/\/casparis20.fr\/"},{"@type":"ListItem","position":2,"name":"Mentions l\u00e9gales"}]},{"@type":"WebSite","@id":"https:\/\/casparis20.fr\/#website","url":"https:\/\/casparis20.fr\/","name":"CAS20","description":"Caisse Alimentaire solidaire - Paris 20","publisher":{"@id":"https:\/\/casparis20.fr\/#organization"},"potentialAction":[{"@type":"SearchAction","target":{"@type":"EntryPoint","urlTemplate":"https:\/\/casparis20.fr\/?s={search_term_string}"},"query-input":{"@type":"PropertyValueSpecification","valueRequired":true,"valueName":"search_term_string"}}],"inLanguage":"en-US"},{"@type":"Organization","@id":"https:\/\/casparis20.fr\/#organization","name":"CAS20","url":"https:\/\/casparis20.fr\/","logo":{"@type":"ImageObject","inLanguage":"en-US","@id":"https:\/\/casparis20.fr\/#\/schema\/logo\/image\/","url":"https:\/\/casparis20.fr\/wp-content\/uploads\/2025\/02\/Logo_complet_RVB_rouge_CAS20.png","contentUrl":"https:\/\/casparis20.fr\/wp-content\/uploads\/2025\/02\/Logo_complet_RVB_rouge_CAS20.png","width":6278,"height":2718,"caption":"CAS20"},"image":{"@id":"https:\/\/casparis20.fr\/#\/schema\/logo\/image\/"}}]}},"_links":{"self":[{"href":"https:\/\/casparis20.fr\/index.php\/wp-json\/wp\/v2\/pages\/1090","targetHints":{"allow":["GET"]}}],"collection":[{"href":"https:\/\/casparis20.fr\/index.php\/wp-json\/wp\/v2\/pages"}],"about":[{"href":"https:\/\/casparis20.fr\/index.php\/wp-json\/wp\/v2\/types\/page"}],"author":[{"embeddable":true,"href":"https:\/\/casparis20.fr\/index.php\/wp-json\/wp\/v2\/users\/1"}],"replies":[{"embeddable":true,"href":"https:\/\/casparis20.fr\/index.php\/wp-json\/wp\/v2\/comments?post=1090"}],"version-history":[{"count":14,"href":"https:\/\/casparis20.fr\/index.php\/wp-json\/wp\/v2\/pages\/1090\/revisions"}],"predecessor-version":[{"id":989380,"href":"https:\/\/casparis20.fr\/index.php\/wp-json\/wp\/v2\/pages\/1090\/revisions\/989380"}],"wp:attachment":[{"href":"https:\/\/casparis20.fr\/index.php\/wp-json\/wp\/v2\/media?parent=1090"}],"curies":[{"name":"wp","href":"https:\/\/api.w.org\/{rel}","templated":true}]}}