{"id":989680,"date":"2025-10-02T12:20:02","date_gmt":"2025-10-02T10:20:02","guid":{"rendered":"https:\/\/casparis20.fr\/?page_id=989680"},"modified":"2025-10-02T18:17:27","modified_gmt":"2025-10-02T16:17:27","slug":"bibliographie-filmographie-de-la-cas-20","status":"publish","type":"page","link":"https:\/\/casparis20.fr\/index.php\/bibliographie-filmographie-de-la-cas-20\/","title":{"rendered":"Bibliographie &#038; filmographie de la cas 20"},"content":{"rendered":"\t\t<div data-elementor-type=\"wp-page\" data-elementor-id=\"989680\" class=\"elementor elementor-989680\" data-elementor-post-type=\"page\">\n\t\t\t\t<div class=\"elementor-element elementor-element-cd05c1f e-grid e-con-boxed e-con e-parent\" data-id=\"cd05c1f\" data-element_type=\"container\">\n\t\t\t\t\t<div class=\"e-con-inner\">\n\t\t\t\t<div class=\"elementor-element elementor-element-df91e1a elementor-widget elementor-widget-spacer\" data-id=\"df91e1a\" data-element_type=\"widget\" data-widget_type=\"spacer.default\">\n\t\t\t\t<div class=\"elementor-widget-container\">\n\t\t\t\t\t\t\t<div class=\"elementor-spacer\">\n\t\t\t<div class=\"elementor-spacer-inner\"><\/div>\n\t\t<\/div>\n\t\t\t\t\t\t<\/div>\n\t\t\t\t<\/div>\n\t\t\t\t<div class=\"elementor-element elementor-element-1cd2cb4 elementor-widget elementor-widget-heading\" data-id=\"1cd2cb4\" data-element_type=\"widget\" data-widget_type=\"heading.default\">\n\t\t\t\t<div class=\"elementor-widget-container\">\n\t\t\t\t\t<h1 class=\"elementor-heading-title elementor-size-default\">Bibliographie de la cas20<\/h1>\t\t\t\t<\/div>\n\t\t\t\t<\/div>\n\t\t\t\t<div class=\"elementor-element elementor-element-843c3c6 elementor-widget elementor-widget-heading\" data-id=\"843c3c6\" data-element_type=\"widget\" data-widget_type=\"heading.default\">\n\t\t\t\t<div class=\"elementor-widget-container\">\n\t\t\t\t\t<h2 class=\"elementor-heading-title elementor-size-default\">Les Essais<\/h2>\t\t\t\t<\/div>\n\t\t\t\t<\/div>\n\t\t\t\t<div class=\"elementor-element elementor-element-ff8b8af elementor-widget elementor-widget-text-editor\" data-id=\"ff8b8af\" data-element_type=\"widget\" data-widget_type=\"text-editor.default\">\n\t\t\t\t<div class=\"elementor-widget-container\">\n\t\t\t\t\t\t\t\t\t<p class=\"p1\"><span class=\"s1\">&#8211;<\/span> La politique sexuelle de la viande &#8211; une th\u00e9orie critique f\u00e9ministe v\u00e9g\u00e9tarienne, Carol J. Admas, 1980.<\/p><p class=\"p1\"><span class=\"s1\">&#8211;<\/span> La ferme du rail pour une ville \u00e9cologique et solidaire, Clara et Philippe Simay, 2022.<\/p><p class=\"p1\"><span class=\"s1\">&#8211;<\/span> La cantine des Pyr\u00e9n\u00e9es en lutte, textes et t\u00e9moignages collectifs, 2018.<\/p><p class=\"p1\"><span class=\"s1\">&#8211;<\/span> Les couilles sur la table, Victoire Tuaillon, 2021.<\/p><p class=\"p1\"><span class=\"s1\">&#8211;<\/span> Faiminisme quand le sexisme passe \u00e0 table, Nora Bouazzouni, 2017.<\/p><p class=\"p1\"><span class=\"s1\">&#8211;<\/span> Violences en cuisine, une Omerta \u00e0 la fran\u00e7aise, Nora Bouazzouni, 2025.<\/p><p class=\"p1\"><span class=\"s1\">&#8211;<\/span> De la d\u00e9mocratie dans l\u2019assiette, Tanguy Martin et Sarah Cohen, 2024.<\/p><p class=\"p1\"><span class=\"s1\">&#8211;<\/span> Remettez du bon sens dans votre assiette et dans votre mode de vie, Anthony Berthou, 2025.<\/p><p class=\"p1\"><span class=\"s1\">&#8211;<\/span> A la ligne, Feuillets d\u2019usine, Joseph Ponthus, 2020.<\/p><p class=\"p1\"><span class=\"s1\">&#8211;<\/span> Plut\u00f4t nourrir, l\u2019appel d\u2019une \u00e9leveuse, No\u00e9mie Calais et Cl\u00e9ment Os\u00e9, 2023.<\/p><p class=\"p1\"><span class=\"s1\">&#8211;<\/span> Reprendre la terre aux machines, L\u2019atelier paysan, 2019.<\/p><p class=\"p1\"><span class=\"s1\">&#8211;<\/span> Nous ne sommes pas seuls, politiques des soul\u00e8vements terrestres, L\u00e9na Balaud et Antoine Chopot, 2021.<\/p><p class=\"p1\"><span class=\"s1\">&#8211;<\/span> Notre nouvelle nature, guide de terrain de l\u2019anthropoc\u00e8ne, Anna Lowenhaupt Tsing, jennifer Deger, Alder Keleman Saxena, Feifei Zhou, 2025.<\/p><p class=\"p1\"><span class=\"s1\">&#8211;<\/span> Les riches contre la plan\u00e8te violence oligarchique et chaos climatique, Monique Pin\u00e7on-Charlot, 2025.<\/p><p class=\"p1\"><span class=\"s1\">&#8211;<\/span> Quel r\u00f4le pour l\u2019Etat ? Noam Chomsky, 2005.<\/p><p class=\"p1\"><span class=\"s1\">&#8211;<\/span> Comment faire tomber un dictateur quand on est seul, tout petit et sans armes, Srdja Popovic, 2015.<\/p><p class=\"p1\"><span class=\"s1\">&#8211;<\/span> King kong Th\u00e9orie, Virginie despentes, 2006.<\/p><p class=\"p1\"><span class=\"s1\">&#8211;<\/span> Le mythe du \u00ab trou de la s\u00e9cu \u00bb, Julien Duval, 2007.<\/p><p class=\"p1\"><span class=\"s1\">&#8211;<\/span> Silence dans les champs, Nicolas Legendre, 2023.<\/p><p class=\"p1\"><span class=\"s1\">&#8211;<\/span> Le ventre des villes, comment l\u2019alimentation fa\u00e7onne nos vies, Carolyn Steel, 2016.<\/p><p class=\"p1\"><span class=\"s1\">&#8211;<\/span> Contre offensive, Agir et r\u00e9sister dans la complexit\u00e9, Miguel Benasayag et Bastien Cany, 2024.<\/p><p class=\"p1\"><span class=\"s1\">&#8211;<\/span> Les dangers de notre alimentation, d\u00e9rives et cons\u00e9quences du syst\u00e8me agroalimentaire sur nos vies, Karine Jaquemart, 2025.<\/p><p class=\"p1\"><span class=\"s1\">&#8211;<\/span> Qui va nous nourrir ? Au c\u0153ur de l\u2019urgence \u00e9cologique, le renouveau paysan, Am\u00e9lie Poinssot, 2024.<\/p>\t\t\t\t\t\t\t\t<\/div>\n\t\t\t\t<\/div>\n\t\t\t\t<div class=\"elementor-element elementor-element-5512818 elementor-widget elementor-widget-spacer\" data-id=\"5512818\" data-element_type=\"widget\" data-widget_type=\"spacer.default\">\n\t\t\t\t<div class=\"elementor-widget-container\">\n\t\t\t\t\t\t\t<div class=\"elementor-spacer\">\n\t\t\t<div class=\"elementor-spacer-inner\"><\/div>\n\t\t<\/div>\n\t\t\t\t\t\t<\/div>\n\t\t\t\t<\/div>\n\t\t\t\t<div class=\"elementor-element elementor-element-ce9d47f elementor-widget elementor-widget-heading\" data-id=\"ce9d47f\" data-element_type=\"widget\" data-widget_type=\"heading.default\">\n\t\t\t\t<div class=\"elementor-widget-container\">\n\t\t\t\t\t<h2 class=\"elementor-heading-title elementor-size-default\">Les Romans<\/h2>\t\t\t\t<\/div>\n\t\t\t\t<\/div>\n\t\t\t\t<div class=\"elementor-element elementor-element-6a03e41 elementor-widget elementor-widget-text-editor\" data-id=\"6a03e41\" data-element_type=\"widget\" data-widget_type=\"text-editor.default\">\n\t\t\t\t<div class=\"elementor-widget-container\">\n\t\t\t\t\t\t\t\t\t<p class=\"p1\">&#8211; Riccardino, Andr\u00e9a Camilleri, 2025. ( et tous les policiers de cet auteur\u2026)<\/p><p class=\"p1\"><span class=\"s1\">&#8211;<\/span> La col\u00e8re des aubergines, Bulbul Sharma, 2022.<\/p><p class=\"p1\"><span class=\"s1\">&#8211;<\/span> Les d\u00e9lices de Tokyo, Durian Sukegawa, 2017.<\/p>\t\t\t\t\t\t\t\t<\/div>\n\t\t\t\t<\/div>\n\t\t\t\t<div class=\"elementor-element elementor-element-478466b elementor-widget elementor-widget-spacer\" data-id=\"478466b\" data-element_type=\"widget\" data-widget_type=\"spacer.default\">\n\t\t\t\t<div class=\"elementor-widget-container\">\n\t\t\t\t\t\t\t<div class=\"elementor-spacer\">\n\t\t\t<div class=\"elementor-spacer-inner\"><\/div>\n\t\t<\/div>\n\t\t\t\t\t\t<\/div>\n\t\t\t\t<\/div>\n\t\t\t\t<div class=\"elementor-element elementor-element-5c32f7b elementor-widget elementor-widget-heading\" data-id=\"5c32f7b\" data-element_type=\"widget\" data-widget_type=\"heading.default\">\n\t\t\t\t<div class=\"elementor-widget-container\">\n\t\t\t\t\t<h2 class=\"elementor-heading-title elementor-size-default\">Les B\u00e9d\u00e9s & Les Mangas<\/h2>\t\t\t\t<\/div>\n\t\t\t\t<\/div>\n\t\t\t\t<div class=\"elementor-element elementor-element-af801d6 elementor-widget elementor-widget-text-editor\" data-id=\"af801d6\" data-element_type=\"widget\" data-widget_type=\"text-editor.default\">\n\t\t\t\t<div class=\"elementor-widget-container\">\n\t\t\t\t\t\t\t\t\t<p class=\"p1\"><span class=\"s1\">&#8211;<\/span> Encore des Patates, b\u00e9d\u00e9 du collectif pour une s\u00e9curit\u00e9 sociale de l\u2019alimentation.<\/p><p class=\"p1\"><span class=\"s1\">&#8211;<\/span> Champs de Bataille l\u2019histoire enfouie du remembrement, In\u00e8s L\u00e9raud et Pierre Van Hove, 2024.<\/p><p class=\"p1\"><span class=\"s1\">&#8211;<\/span> Algues Vertes l\u2019histoire interdite, In\u00e8s L\u00e9raud et Pierre Van Hove, 2019.<\/p><p><span class=\"s1\">&#8211;<\/span> La cantine de Minuit 1, 2 et 3 de Yar\u00f4 Abe (manga)<\/p>\t\t\t\t\t\t\t\t<\/div>\n\t\t\t\t<\/div>\n\t\t\t\t<div class=\"elementor-element elementor-element-3be03be elementor-widget elementor-widget-spacer\" data-id=\"3be03be\" data-element_type=\"widget\" data-widget_type=\"spacer.default\">\n\t\t\t\t<div class=\"elementor-widget-container\">\n\t\t\t\t\t\t\t<div class=\"elementor-spacer\">\n\t\t\t<div class=\"elementor-spacer-inner\"><\/div>\n\t\t<\/div>\n\t\t\t\t\t\t<\/div>\n\t\t\t\t<\/div>\n\t\t\t\t<div class=\"elementor-element elementor-element-b971f07 elementor-widget elementor-widget-heading\" data-id=\"b971f07\" data-element_type=\"widget\" data-widget_type=\"heading.default\">\n\t\t\t\t<div class=\"elementor-widget-container\">\n\t\t\t\t\t<h2 class=\"elementor-heading-title elementor-size-default\">Les Livres de cuisine<\/h2>\t\t\t\t<\/div>\n\t\t\t\t<\/div>\n\t\t\t\t<div class=\"elementor-element elementor-element-1a89907 elementor-widget elementor-widget-text-editor\" data-id=\"1a89907\" data-element_type=\"widget\" data-widget_type=\"text-editor.default\">\n\t\t\t\t<div class=\"elementor-widget-container\">\n\t\t\t\t\t\t\t\t\t<p class=\"p1\"><span class=\"s1\">&#8211;<\/span> Femmes d\u2019ici, cuisines d\u2019ailleurs, tr\u00e9sors culinaires familiaux, Alexis Jenni, 2017.<\/p><p class=\"p1\"><span class=\"s1\">&#8211;<\/span> Les tartes postales recettes timbr\u00e9es de nos r\u00e9gions, une place \u00e0 table, 2023.<\/p>\t\t\t\t\t\t\t\t<\/div>\n\t\t\t\t<\/div>\n\t\t\t\t<div class=\"elementor-element elementor-element-d032d29 elementor-widget elementor-widget-spacer\" data-id=\"d032d29\" data-element_type=\"widget\" data-widget_type=\"spacer.default\">\n\t\t\t\t<div class=\"elementor-widget-container\">\n\t\t\t\t\t\t\t<div class=\"elementor-spacer\">\n\t\t\t<div class=\"elementor-spacer-inner\"><\/div>\n\t\t<\/div>\n\t\t\t\t\t\t<\/div>\n\t\t\t\t<\/div>\n\t\t\t\t<div class=\"elementor-element elementor-element-2a8c33f elementor-widget elementor-widget-heading\" data-id=\"2a8c33f\" data-element_type=\"widget\" data-widget_type=\"heading.default\">\n\t\t\t\t<div class=\"elementor-widget-container\">\n\t\t\t\t\t<h1 class=\"elementor-heading-title elementor-size-default\">Filmographie de la CAS20<\/h1>\t\t\t\t<\/div>\n\t\t\t\t<\/div>\n\t\t\t\t<div class=\"elementor-element elementor-element-18dbb9f elementor-widget elementor-widget-text-editor\" data-id=\"18dbb9f\" data-element_type=\"widget\" data-widget_type=\"text-editor.default\">\n\t\t\t\t<div class=\"elementor-widget-container\">\n\t\t\t\t\t\t\t\t\t<p class=\"p1\"><span class=\"s1\">&#8211;<\/span> Les glaneurs et la glaneuse, Agn\u00e8s Varda, 2000.<\/p><p class=\"p1\"><span class=\"s1\">&#8211;<\/span> Pompoko de <b>Isao<\/b> <b>Takahata, 1994.<\/b><\/p><p class=\"p1\"><span class=\"s1\">&#8211;<\/span> Le festin de Babette, de Gabriel Axel, 1987.<\/p><p class=\"p1\"><span class=\"s1\">&#8211;<\/span> D\u00e9licieux, De Eric Besnard, 2021.<\/p><p class=\"p1\"><span class=\"s1\">&#8211;<\/span> La passion de Dodin Bouffant, de <span class=\"s2\">Tran Anh Hung<\/span>, 2023.<\/p><p class=\"p1\"><span class=\"s1\">&#8211;<\/span> Entr\u00e9e du personnel, de Manuela Fresnil, 2013.<\/p><p class=\"p1\"><span class=\"s1\">&#8211;<\/span> Les D\u00e9lices de Tokyo, <span class=\"s2\">Naomi Kawase<\/span>, 2015.<\/p><p class=\"p1\"><span class=\"s1\">&#8211;<\/span> Leur champs du C\u0153ur, <b>Micka\u00ebl<\/b> <b>Denis<\/b>&#8211;<b>Shi, 2024.<\/b><\/p><p class=\"p1\"><span class=\"s1\">&#8211;<\/span> Supersize me, Morgan Spurlock, 2004<\/p><p class=\"p1\"><span class=\"s1\">&#8211;<\/span> La grande bouffe, Marco Ferreri, 1973.<\/p><p class=\"p1\"><span class=\"s1\">&#8211;<\/span> Le cuisinier, le voleur, sa femme et son amant, <span class=\"s2\">Peter Greenaway<\/span>, 1989.<\/p><p class=\"p1\"><span class=\"s1\">&#8211;<\/span> La part des autres, Jean-Baptiste Delpias et Olivier Payage, 2019.<\/p>\t\t\t\t\t\t\t\t<\/div>\n\t\t\t\t<\/div>\n\t\t\t\t<div class=\"elementor-element elementor-element-92b18e7 elementor-widget elementor-widget-spacer\" data-id=\"92b18e7\" data-element_type=\"widget\" data-widget_type=\"spacer.default\">\n\t\t\t\t<div class=\"elementor-widget-container\">\n\t\t\t\t\t\t\t<div class=\"elementor-spacer\">\n\t\t\t<div class=\"elementor-spacer-inner\"><\/div>\n\t\t<\/div>\n\t\t\t\t\t\t<\/div>\n\t\t\t\t<\/div>\n\t\t\t\t\t<\/div>\n\t\t\t\t<\/div>\n\t\t\t\t<\/div>\n\t\t","protected":false},"excerpt":{"rendered":"<p>Bibliographie de la cas20 Les Essais &#8211; La politique sexuelle de la viande &#8211; une th\u00e9orie critique f\u00e9ministe v\u00e9g\u00e9tarienne, Carol J. Admas, 1980. &#8211; La ferme du rail pour une&#8230;<\/p>\n","protected":false},"author":1,"featured_media":989685,"parent":0,"menu_order":0,"comment_status":"closed","ping_status":"closed","template":"","meta":{"_themeisle_gutenberg_block_has_review":false,"footnotes":""},"class_list":["post-989680","page","type-page","status-publish","has-post-thumbnail","hentry"],"yoast_head":"<!-- This site is optimized with the Yoast SEO plugin v24.8 - https:\/\/yoast.com\/wordpress\/plugins\/seo\/ -->\n<title>Bibliographie &amp; filmographie de la cas 20 - CAS20<\/title>\n<meta name=\"robots\" content=\"index, follow, max-snippet:-1, max-image-preview:large, max-video-preview:-1\" \/>\n<link rel=\"canonical\" href=\"https:\/\/casparis20.fr\/index.php\/bibliographie-filmographie-de-la-cas-20\/\" \/>\n<meta property=\"og:locale\" content=\"en_US\" \/>\n<meta property=\"og:type\" content=\"article\" \/>\n<meta property=\"og:title\" content=\"Bibliographie &amp; filmographie de la cas 20 - CAS20\" \/>\n<meta property=\"og:description\" content=\"Bibliographie de la cas20 Les Essais &#8211; La politique sexuelle de la viande &#8211; une th\u00e9orie critique f\u00e9ministe v\u00e9g\u00e9tarienne, Carol J. Admas, 1980. &#8211; La ferme du rail pour une...\" \/>\n<meta property=\"og:url\" content=\"https:\/\/casparis20.fr\/index.php\/bibliographie-filmographie-de-la-cas-20\/\" \/>\n<meta property=\"og:site_name\" content=\"CAS20\" \/>\n<meta property=\"article:modified_time\" content=\"2025-10-02T16:17:27+00:00\" \/>\n<meta property=\"og:image\" content=\"https:\/\/casparis20.fr\/wp-content\/uploads\/2025\/10\/thomas-kelley-hHL08lF7Ikc-unsplash-scaled.jpg\" \/>\n\t<meta property=\"og:image:width\" content=\"2560\" \/>\n\t<meta property=\"og:image:height\" content=\"1707\" \/>\n\t<meta property=\"og:image:type\" content=\"image\/jpeg\" \/>\n<meta name=\"twitter:card\" content=\"summary_large_image\" \/>\n<meta name=\"twitter:label1\" content=\"Est. reading time\" \/>\n\t<meta name=\"twitter:data1\" content=\"3 minutes\" \/>\n<script type=\"application\/ld+json\" class=\"yoast-schema-graph\">{\"@context\":\"https:\/\/schema.org\",\"@graph\":[{\"@type\":\"WebPage\",\"@id\":\"https:\/\/casparis20.fr\/index.php\/bibliographie-filmographie-de-la-cas-20\/\",\"url\":\"https:\/\/casparis20.fr\/index.php\/bibliographie-filmographie-de-la-cas-20\/\",\"name\":\"Bibliographie & filmographie de la cas 20 - CAS20\",\"isPartOf\":{\"@id\":\"https:\/\/casparis20.fr\/#website\"},\"primaryImageOfPage\":{\"@id\":\"https:\/\/casparis20.fr\/index.php\/bibliographie-filmographie-de-la-cas-20\/#primaryimage\"},\"image\":{\"@id\":\"https:\/\/casparis20.fr\/index.php\/bibliographie-filmographie-de-la-cas-20\/#primaryimage\"},\"thumbnailUrl\":\"https:\/\/casparis20.fr\/wp-content\/uploads\/2025\/10\/thomas-kelley-hHL08lF7Ikc-unsplash-scaled.jpg\",\"datePublished\":\"2025-10-02T10:20:02+00:00\",\"dateModified\":\"2025-10-02T16:17:27+00:00\",\"breadcrumb\":{\"@id\":\"https:\/\/casparis20.fr\/index.php\/bibliographie-filmographie-de-la-cas-20\/#breadcrumb\"},\"inLanguage\":\"en-US\",\"potentialAction\":[{\"@type\":\"ReadAction\",\"target\":[\"https:\/\/casparis20.fr\/index.php\/bibliographie-filmographie-de-la-cas-20\/\"]}]},{\"@type\":\"ImageObject\",\"inLanguage\":\"en-US\",\"@id\":\"https:\/\/casparis20.fr\/index.php\/bibliographie-filmographie-de-la-cas-20\/#primaryimage\",\"url\":\"https:\/\/casparis20.fr\/wp-content\/uploads\/2025\/10\/thomas-kelley-hHL08lF7Ikc-unsplash-scaled.jpg\",\"contentUrl\":\"https:\/\/casparis20.fr\/wp-content\/uploads\/2025\/10\/thomas-kelley-hHL08lF7Ikc-unsplash-scaled.jpg\",\"width\":2560,\"height\":1707},{\"@type\":\"BreadcrumbList\",\"@id\":\"https:\/\/casparis20.fr\/index.php\/bibliographie-filmographie-de-la-cas-20\/#breadcrumb\",\"itemListElement\":[{\"@type\":\"ListItem\",\"position\":1,\"name\":\"Accueil\",\"item\":\"https:\/\/casparis20.fr\/\"},{\"@type\":\"ListItem\",\"position\":2,\"name\":\"Bibliographie &#038; filmographie de la cas 20\"}]},{\"@type\":\"WebSite\",\"@id\":\"https:\/\/casparis20.fr\/#website\",\"url\":\"https:\/\/casparis20.fr\/\",\"name\":\"CAS20\",\"description\":\"Caisse Alimentaire solidaire - Paris 20\",\"publisher\":{\"@id\":\"https:\/\/casparis20.fr\/#organization\"},\"potentialAction\":[{\"@type\":\"SearchAction\",\"target\":{\"@type\":\"EntryPoint\",\"urlTemplate\":\"https:\/\/casparis20.fr\/?s={search_term_string}\"},\"query-input\":{\"@type\":\"PropertyValueSpecification\",\"valueRequired\":true,\"valueName\":\"search_term_string\"}}],\"inLanguage\":\"en-US\"},{\"@type\":\"Organization\",\"@id\":\"https:\/\/casparis20.fr\/#organization\",\"name\":\"CAS20\",\"url\":\"https:\/\/casparis20.fr\/\",\"logo\":{\"@type\":\"ImageObject\",\"inLanguage\":\"en-US\",\"@id\":\"https:\/\/casparis20.fr\/#\/schema\/logo\/image\/\",\"url\":\"https:\/\/casparis20.fr\/wp-content\/uploads\/2025\/02\/Logo_complet_RVB_rouge_CAS20.png\",\"contentUrl\":\"https:\/\/casparis20.fr\/wp-content\/uploads\/2025\/02\/Logo_complet_RVB_rouge_CAS20.png\",\"width\":6278,\"height\":2718,\"caption\":\"CAS20\"},\"image\":{\"@id\":\"https:\/\/casparis20.fr\/#\/schema\/logo\/image\/\"}}]}<\/script>\n<!-- \/ Yoast SEO plugin. -->","yoast_head_json":{"title":"Bibliographie & filmographie de la cas 20 - CAS20","robots":{"index":"index","follow":"follow","max-snippet":"max-snippet:-1","max-image-preview":"max-image-preview:large","max-video-preview":"max-video-preview:-1"},"canonical":"https:\/\/casparis20.fr\/index.php\/bibliographie-filmographie-de-la-cas-20\/","og_locale":"en_US","og_type":"article","og_title":"Bibliographie & filmographie de la cas 20 - CAS20","og_description":"Bibliographie de la cas20 Les Essais &#8211; La politique sexuelle de la viande &#8211; une th\u00e9orie critique f\u00e9ministe v\u00e9g\u00e9tarienne, Carol J. Admas, 1980. &#8211; La ferme du rail pour une...","og_url":"https:\/\/casparis20.fr\/index.php\/bibliographie-filmographie-de-la-cas-20\/","og_site_name":"CAS20","article_modified_time":"2025-10-02T16:17:27+00:00","og_image":[{"width":2560,"height":1707,"url":"https:\/\/casparis20.fr\/wp-content\/uploads\/2025\/10\/thomas-kelley-hHL08lF7Ikc-unsplash-scaled.jpg","type":"image\/jpeg"}],"twitter_card":"summary_large_image","twitter_misc":{"Est. reading time":"3 minutes"},"schema":{"@context":"https:\/\/schema.org","@graph":[{"@type":"WebPage","@id":"https:\/\/casparis20.fr\/index.php\/bibliographie-filmographie-de-la-cas-20\/","url":"https:\/\/casparis20.fr\/index.php\/bibliographie-filmographie-de-la-cas-20\/","name":"Bibliographie & filmographie de la cas 20 - CAS20","isPartOf":{"@id":"https:\/\/casparis20.fr\/#website"},"primaryImageOfPage":{"@id":"https:\/\/casparis20.fr\/index.php\/bibliographie-filmographie-de-la-cas-20\/#primaryimage"},"image":{"@id":"https:\/\/casparis20.fr\/index.php\/bibliographie-filmographie-de-la-cas-20\/#primaryimage"},"thumbnailUrl":"https:\/\/casparis20.fr\/wp-content\/uploads\/2025\/10\/thomas-kelley-hHL08lF7Ikc-unsplash-scaled.jpg","datePublished":"2025-10-02T10:20:02+00:00","dateModified":"2025-10-02T16:17:27+00:00","breadcrumb":{"@id":"https:\/\/casparis20.fr\/index.php\/bibliographie-filmographie-de-la-cas-20\/#breadcrumb"},"inLanguage":"en-US","potentialAction":[{"@type":"ReadAction","target":["https:\/\/casparis20.fr\/index.php\/bibliographie-filmographie-de-la-cas-20\/"]}]},{"@type":"ImageObject","inLanguage":"en-US","@id":"https:\/\/casparis20.fr\/index.php\/bibliographie-filmographie-de-la-cas-20\/#primaryimage","url":"https:\/\/casparis20.fr\/wp-content\/uploads\/2025\/10\/thomas-kelley-hHL08lF7Ikc-unsplash-scaled.jpg","contentUrl":"https:\/\/casparis20.fr\/wp-content\/uploads\/2025\/10\/thomas-kelley-hHL08lF7Ikc-unsplash-scaled.jpg","width":2560,"height":1707},{"@type":"BreadcrumbList","@id":"https:\/\/casparis20.fr\/index.php\/bibliographie-filmographie-de-la-cas-20\/#breadcrumb","itemListElement":[{"@type":"ListItem","position":1,"name":"Accueil","item":"https:\/\/casparis20.fr\/"},{"@type":"ListItem","position":2,"name":"Bibliographie &#038; filmographie de la cas 20"}]},{"@type":"WebSite","@id":"https:\/\/casparis20.fr\/#website","url":"https:\/\/casparis20.fr\/","name":"CAS20","description":"Caisse Alimentaire solidaire - Paris 20","publisher":{"@id":"https:\/\/casparis20.fr\/#organization"},"potentialAction":[{"@type":"SearchAction","target":{"@type":"EntryPoint","urlTemplate":"https:\/\/casparis20.fr\/?s={search_term_string}"},"query-input":{"@type":"PropertyValueSpecification","valueRequired":true,"valueName":"search_term_string"}}],"inLanguage":"en-US"},{"@type":"Organization","@id":"https:\/\/casparis20.fr\/#organization","name":"CAS20","url":"https:\/\/casparis20.fr\/","logo":{"@type":"ImageObject","inLanguage":"en-US","@id":"https:\/\/casparis20.fr\/#\/schema\/logo\/image\/","url":"https:\/\/casparis20.fr\/wp-content\/uploads\/2025\/02\/Logo_complet_RVB_rouge_CAS20.png","contentUrl":"https:\/\/casparis20.fr\/wp-content\/uploads\/2025\/02\/Logo_complet_RVB_rouge_CAS20.png","width":6278,"height":2718,"caption":"CAS20"},"image":{"@id":"https:\/\/casparis20.fr\/#\/schema\/logo\/image\/"}}]}},"_links":{"self":[{"href":"https:\/\/casparis20.fr\/index.php\/wp-json\/wp\/v2\/pages\/989680","targetHints":{"allow":["GET"]}}],"collection":[{"href":"https:\/\/casparis20.fr\/index.php\/wp-json\/wp\/v2\/pages"}],"about":[{"href":"https:\/\/casparis20.fr\/index.php\/wp-json\/wp\/v2\/types\/page"}],"author":[{"embeddable":true,"href":"https:\/\/casparis20.fr\/index.php\/wp-json\/wp\/v2\/users\/1"}],"replies":[{"embeddable":true,"href":"https:\/\/casparis20.fr\/index.php\/wp-json\/wp\/v2\/comments?post=989680"}],"version-history":[{"count":22,"href":"https:\/\/casparis20.fr\/index.php\/wp-json\/wp\/v2\/pages\/989680\/revisions"}],"predecessor-version":[{"id":989722,"href":"https:\/\/casparis20.fr\/index.php\/wp-json\/wp\/v2\/pages\/989680\/revisions\/989722"}],"wp:featuredmedia":[{"embeddable":true,"href":"https:\/\/casparis20.fr\/index.php\/wp-json\/wp\/v2\/media\/989685"}],"wp:attachment":[{"href":"https:\/\/casparis20.fr\/index.php\/wp-json\/wp\/v2\/media?parent=989680"}],"curies":[{"name":"wp","href":"https:\/\/api.w.org\/{rel}","templated":true}]}}